{"id":19,"date":"2018-08-06T10:35:06","date_gmt":"2018-08-06T08:35:06","guid":{"rendered":"https:\/\/clean-tidy.ch\/?page_id=19"},"modified":"2021-11-15T10:25:44","modified_gmt":"2021-11-15T09:25:44","slug":"start","status":"publish","type":"page","link":"https:\/\/clean-tidy.ch\/","title":{"rendered":"Start"},"content":{"rendered":"<p>[et_pb_section fb_built=&#8220;1&#8243; _builder_version=&#8220;4.9.4&#8243; background_image=&#8220;https:\/\/clean-tidy.ch\/wp-content\/uploads\/2018\/09\/Reinigung-Chalet.jpg&#8220; custom_padding=&#8220;|0px|700px|0px|false|false&#8220; top_divider_color=&#8220;#ffffff&#8220; bottom_divider_style=&#8220;wave&#8220; bottom_divider_color=&#8220;#ffffff&#8220; bottom_divider_height=&#8220;117px&#8220; bottom_divider_flip=&#8220;vertical&#8220; bottom_divider_height_tablet=&#8220;105px&#8220; bottom_divider_height_phone=&#8220;62px&#8220; bottom_divider_height_last_edited=&#8220;on|desktop&#8220;][\/et_pb_section][et_pb_section fb_built=&#8220;1&#8243; _builder_version=&#8220;4.9.4&#8243; background_color=&#8220;#ffffff&#8220; custom_padding=&#8220;0|0px|54px|0px|false|false&#8220;][et_pb_row column_structure=&#8220;1_2,1_2&#8243; _builder_version=&#8220;3.25&#8243; custom_padding=&#8220;46px|0px|27px|0px|false|false&#8220;][et_pb_column type=&#8220;1_2&#8243; _builder_version=&#8220;3.25&#8243; custom_padding=&#8220;|||&#8220; custom_padding__hover=&#8220;|||&#8220;][et_pb_image src=&#8220;https:\/\/clean-tidy.ch\/wp-content\/uploads\/2021\/10\/welle.png&#8220; title_text=&#8220;welle&#8220; _builder_version=&#8220;4.9.4&#8243; _module_preset=&#8220;default&#8220;][\/et_pb_image][\/et_pb_column][et_pb_column type=&#8220;1_2&#8243; _builder_version=&#8220;3.25&#8243; custom_padding=&#8220;|||&#8220; custom_padding__hover=&#8220;|||&#8220;][et_pb_text _builder_version=&#8220;4.9.4&#8243; text_font=&#8220;||||||||&#8220; text_text_color=&#8220;#474747&#8243; header_font=&#8220;||||||||&#8220; header_text_color=&#8220;#474747&#8243; header_line_height=&#8220;1.4em&#8220;]<\/p>\n<h1 style=\"text-align: left;\">Wir sind die Profis, wenn es um die Endreinigung Ihrer Liegenschaft, Wohnung oder des Ferienchalets geht.<\/h1>\n<p style=\"text-align: left;\">\n<p style=\"text-align: left;\">\n<p style=\"text-align: left;\">Unsere breit gef\u00e4cherte Angebotspalette bietet professionelle Dienstleistungen in den Bereichen Reinigung, Logistik und Housekeeping.<\/p>\n<p style=\"text-align: left;\">Ihre Auftr\u00e4ge werden pr\u00e4zise, termingerecht, zuverl\u00e4ssig und preiswert durchgef\u00fchrt. Darauf legen wir grossen Wert.<\/p>\n<p style=\"text-align: left;\"><strong>Wo auch immer Schmutz anf\u00e4llt, fragen sie uns um Rat.<br \/>Wir haben stets eine gl\u00e4nzendste L\u00f6sung f\u00fcr Sie parat!<\/strong><\/p>\n<p style=\"text-align: left;\">[\/et_pb_text][\/et_pb_column][\/et_pb_row][et_pb_row column_structure=&#8220;1_3,1_3,1_3&#8243; disabled_on=&#8220;on|on|on&#8220; _builder_version=&#8220;4.9.4&#8243; disabled=&#8220;on&#8220;][et_pb_column type=&#8220;1_3&#8243; _builder_version=&#8220;3.25&#8243; custom_padding=&#8220;|||&#8220; custom_padding__hover=&#8220;|||&#8220;][et_pb_text _builder_version=&#8220;3.27.4&#8243; text_font=&#8220;||||||||&#8220; text_text_color=&#8220;#ffffff&#8220; header_font=&#8220;||||||||&#8220; header_text_color=&#8220;#ffffff&#8220; header_2_font=&#8220;||||||||&#8220; header_2_text_color=&#8220;#ffffff&#8220;]<\/p>\n<div class=\"hover-bio-wrapper\">\n<div class=\"hover-bio\">\n<figure class=\"hover-bio\"><img decoding=\"async\" src=\"https:\/\/clean-tidy.ch\/wp-content\/uploads\/2018\/08\/VOr-Endreinigung_clean-tidy.jpg\" \/><figcaption>\n<h2>Vor- Endreinigung<\/h2>\n<p>Lassen sie Ihre Liegenschaft im Glanz erstrahlen bevor die G\u00e4ste eintreffen und nehmen sie sie dann wieder in einem sauberen, hygienischen Zustand entgegen.<\/p>\n<\/figcaption><\/figure>\n<\/div>\n<\/div>\n<p>[\/et_pb_text][\/et_pb_column][et_pb_column type=&#8220;1_3&#8243; _builder_version=&#8220;3.25&#8243; custom_padding=&#8220;|||&#8220; custom_padding__hover=&#8220;|||&#8220;][et_pb_text _builder_version=&#8220;3.27.4&#8243; text_font=&#8220;||||||||&#8220; text_text_color=&#8220;#ffffff&#8220; header_font=&#8220;||||||||&#8220; header_text_color=&#8220;#ffffff&#8220; header_2_font=&#8220;||||||||&#8220; header_2_text_color=&#8220;#ffffff&#8220;]<\/p>\n<div class=\"hover-bio-wrapper\">\n<div class=\"hover-bio\">\n<figure class=\"hover-bio\"><img decoding=\"async\" src=\"https:\/\/clean-tidy.ch\/wp-content\/uploads\/2018\/08\/Logistik_Clean-tidy.jpg\" \/><figcaption>\n<h2>Logistik<\/h2>\n<p>Brauchen Sie eine Anlieferung oder eine Abholung?<br \/>\nKein Problem &#8211; wir helfen Ihnen zuverl\u00e4ssig und speditiv.<\/p>\n<\/figcaption><\/figure>\n<\/div>\n<\/div>\n<p>&nbsp;<\/p>\n<p style=\"text-align: center;\">[\/et_pb_text][\/et_pb_column][et_pb_column type=&#8220;1_3&#8243; _builder_version=&#8220;3.25&#8243; custom_padding=&#8220;|||&#8220; custom_padding__hover=&#8220;|||&#8220;][et_pb_text _builder_version=&#8220;3.27.4&#8243; text_font=&#8220;||||||||&#8220; text_text_color=&#8220;#ffffff&#8220; header_font=&#8220;||||||||&#8220; header_text_color=&#8220;#ffffff&#8220; header_2_font=&#8220;||||||||&#8220; header_2_text_color=&#8220;#ffffff&#8220;]<\/p>\n<div class=\"hover-bio-wrapper\">\n<div class=\"hover-bio\">\n<figure class=\"hover-bio\"><img decoding=\"async\" src=\"https:\/\/clean-tidy.ch\/wp-content\/uploads\/2018\/08\/Housekeeping_Clean-tidy.jpg\" \/><figcaption>\n<h2>Housekeeping f\u00fcr Chalet &amp; Villa<\/h2>\n<p>Wir k\u00fcmmern uns nicht nur um Ihre Liegenschaft, auch das Wohlergehen Ihrer G\u00e4ste liegt uns am Herzen.<\/p>\n<\/figcaption><\/figure>\n<\/div>\n<\/div>\n<p style=\"text-align: center;\">[\/et_pb_text][\/et_pb_column][\/et_pb_row][\/et_pb_section][et_pb_section fb_built=&#8220;1&#8243; module_id=&#8220;leistungen&#8220; _builder_version=&#8220;4.9.4&#8243; background_color=&#8220;#87b3ed&#8220; custom_padding=&#8220;0|0px|64px|0px|false|false&#8220; bottom_divider_style=&#8220;wave&#8220; bottom_divider_color=&#8220;#557f9d&#8220;][et_pb_row column_structure=&#8220;1_2,1_2&#8243; use_custom_gutter=&#8220;on&#8220; gutter_width=&#8220;1&#8243; _builder_version=&#8220;3.25&#8243; max_width=&#8220;1014px&#8220; custom_margin=&#8220;|auto|80px|auto||&#8220; custom_padding=&#8220;105px|||||&#8220; use_custom_width=&#8220;on&#8220; custom_width_px=&#8220;1014px&#8220;][et_pb_column type=&#8220;1_2&#8243; _builder_version=&#8220;3.25&#8243; custom_padding=&#8220;|||&#8220; custom_padding__hover=&#8220;|||&#8220;][et_pb_image src=&#8220;https:\/\/clean-tidy.ch\/wp-content\/uploads\/2021\/11\/WEF_Logo.png&#8220; alt=&#8220;WEF Davos&#8220; title_text=&#8220;WEF_Logo&#8220; _builder_version=&#8220;4.9.4&#8243; _module_preset=&#8220;default&#8220; width=&#8220;66%&#8220; custom_padding=&#8220;50px|||||&#8220;][\/et_pb_image][et_pb_text _builder_version=&#8220;4.9.4&#8243; _module_preset=&#8220;default&#8220; hover_enabled=&#8220;0&#8243; sticky_enabled=&#8220;0&#8243;]<\/p>\n<p><strong><span style=\"color: #ffffff;\"><\/span><\/strong><\/p>\n<p><strong><span style=\"color: #ffffff;\"><a href=\"https:\/\/clean-tidy.ch\/wef\/\" style=\"color: #ffffff;\">\u00bb Info WEF in DE<\/a><\/span><\/strong><br \/><a href=\"https:\/\/clean-tidy.ch\/wef-en\/\"><strong><span style=\"color: #ffffff;\">\u00bb Info WEF in EN<\/span><\/strong><\/a><\/p>\n<p>[\/et_pb_text][\/et_pb_column][et_pb_column type=&#8220;1_2&#8243; _builder_version=&#8220;3.25&#8243; custom_padding=&#8220;|||&#8220; custom_padding__hover=&#8220;|||&#8220;][et_pb_text _builder_version=&#8220;4.9.4&#8243; _module_preset=&#8220;default&#8220; text_text_color=&#8220;#FFFFFF&#8220; text_font_size=&#8220;24px&#8220; header_2_text_color=&#8220;#FFFFFF&#8220; header_2_font_size=&#8220;42px&#8220; custom_margin=&#8220;||51px|||&#8220;]<\/p>\n<h2>Ihr Partner f\u00fcr\u00b4s WEF<\/h2>\n<p><strong>(World Economic Forum)<\/strong><\/p>\n<p>[\/et_pb_text][et_pb_text _builder_version=&#8220;4.9.4&#8243; _module_preset=&#8220;default&#8220; link_text_color=&#8220;#FFFFFF&#8220; ul_text_color=&#8220;#FFFFFF&#8220; ul_font_size=&#8220;19px&#8220;]<\/p>\n<ul>\n<li>Vor- Endreinigung<\/li>\n<li>Housekeeping<\/li>\n<li>Reinigung und Betreuung Ihrer Eventlocation<\/li>\n<li>Logistik \/ Hauswartung<\/li>\n<\/ul>\n<p><strong><a href=\"https:\/\/clean-tidy.ch\/wef\/\">\u00bb mehr Information<\/a><\/strong><\/p>\n<p>[\/et_pb_text][\/et_pb_column][\/et_pb_row][\/et_pb_section][et_pb_section fb_built=&#8220;1&#8243; module_id=&#8220;leistungen&#8220; _builder_version=&#8220;4.9.4&#8243; background_color=&#8220;#557f9d&#8220; custom_padding=&#8220;0|0px|38px|0px|false|false&#8220; top_divider_color=&#8220;rgba(255,255,255,0)&#8220; top_divider_flip=&#8220;horizontal|vertical&#8220; top_divider_arrangement=&#8220;above_content&#8220; bottom_divider_color=&#8220;#FFFFFF&#8220;][et_pb_row column_structure=&#8220;1_2,1_2&#8243; use_custom_gutter=&#8220;on&#8220; gutter_width=&#8220;1&#8243; _builder_version=&#8220;3.25&#8243; max_width=&#8220;1014px&#8220; custom_margin=&#8220;|auto|47px|auto||&#8220; custom_padding=&#8220;105px|||||&#8220; use_custom_width=&#8220;on&#8220; custom_width_px=&#8220;1014px&#8220;][et_pb_column type=&#8220;1_2&#8243; _builder_version=&#8220;3.25&#8243; custom_padding=&#8220;|||&#8220; custom_padding__hover=&#8220;|||&#8220;][et_pb_image src=&#8220;https:\/\/clean-tidy.ch\/wp-content\/uploads\/2018\/08\/logo_cleanandtidy_2018_weiss.png&#8220; alt=&#8220;clean &#038; tidy &#8211; Endreinigungen von Liegenschaften, Chalet, nach Party und Event&#8220; title_text=&#8220;logo_cleanandtidy_2018_weiss&#8220; _builder_version=&#8220;4.9.4&#8243; _module_preset=&#8220;default&#8220; width=&#8220;61%&#8220;][\/et_pb_image][\/et_pb_column][et_pb_column type=&#8220;1_2&#8243; _builder_version=&#8220;3.25&#8243; custom_padding=&#8220;|||&#8220; custom_padding__hover=&#8220;|||&#8220;][et_pb_text _builder_version=&#8220;4.9.4&#8243; _module_preset=&#8220;default&#8220; text_text_color=&#8220;#FFFFFF&#8220; text_font_size=&#8220;24px&#8220; header_2_text_color=&#8220;#FFFFFF&#8220; header_2_font_size=&#8220;42px&#8220; width=&#8220;100%&#8220; custom_margin=&#8220;||51px|||&#8220;]<\/p>\n<h2>Ihr Partner f\u00fcr Liegenschaften und Verwaltung<strong><\/strong><\/h2>\n<p>[\/et_pb_text][et_pb_text _builder_version=&#8220;4.9.4&#8243; _module_preset=&#8220;default&#8220; link_text_color=&#8220;#FFFFFF&#8220; ul_text_color=&#8220;#FFFFFF&#8220; ul_font_size=&#8220;19px&#8220;]<\/p>\n<ul>\n<li>Bauendreinigung<\/li>\n<li>Fensterreinigung<\/li>\n<li>Endreinigung<\/li>\n<li>Hauswartung<\/li>\n<li>Entsorgung<\/li>\n<\/ul>\n<p><strong><a href=\"https:\/\/clean-tidy.ch\/liegenschaften-und-verwaltung\/\">\u00bb mehr Information<\/a><\/strong><\/p>\n<p>[\/et_pb_text][\/et_pb_column][\/et_pb_row][\/et_pb_section][et_pb_section fb_built=&#8220;1&#8243; next_background_color=&#8220;#ffffff&#8220; disabled_on=&#8220;on|on|on&#8220; module_id=&#8220;leistungen&#8220; _builder_version=&#8220;4.9.4&#8243; background_color=&#8220;#87b3ed&#8220; custom_padding=&#8220;0|0px|38px|0px|false|false&#8220; bottom_divider_style=&#8220;wave&#8220; disabled=&#8220;on&#8220;][et_pb_row column_structure=&#8220;1_3,1_3,1_3&#8243; use_custom_gutter=&#8220;on&#8220; gutter_width=&#8220;1&#8243; _builder_version=&#8220;3.25&#8243; max_width=&#8220;1014px&#8220; use_custom_width=&#8220;on&#8220; custom_width_px=&#8220;1014px&#8220;][et_pb_column type=&#8220;1_3&#8243; _builder_version=&#8220;3.25&#8243; custom_padding=&#8220;|||&#8220; custom_padding__hover=&#8220;|||&#8220;][et_pb_text _builder_version=&#8220;3.27.4&#8243; text_font=&#8220;||||||||&#8220; text_text_color=&#8220;#ffffff&#8220; header_font=&#8220;||||||||&#8220; header_text_color=&#8220;#ffffff&#8220; header_2_font=&#8220;||||||||&#8220; header_2_text_color=&#8220;#ffffff&#8220;]<\/p>\n<div class=\"hover-bio-wrapper\">\n<div class=\"hover-bio\">\n<figure class=\"hover-bio\"><img decoding=\"async\" src=\"https:\/\/clean-tidy.ch\/wp-content\/uploads\/2018\/08\/Endreinigung_Exklusive-Liegenschaften.jpg\" \/><figcaption>\n<h2>Ein entspannter Ferienausklang<\/h2>\n<p>Wir lassen Ihr Chalet erstrahlen. Nach erholsamen Tagen in Ihrem Feriendomizil bringen wir Ihre Ferienwohnung auf hochglanz.<\/p>\n<\/figcaption><\/figure>\n<\/div>\n<\/div>\n<p>[\/et_pb_text][\/et_pb_column][et_pb_column type=&#8220;1_3&#8243; _builder_version=&#8220;3.25&#8243; custom_padding=&#8220;|||&#8220; custom_padding__hover=&#8220;|||&#8220;][et_pb_text _builder_version=&#8220;3.27.4&#8243; text_font=&#8220;||||||||&#8220; text_text_color=&#8220;#ffffff&#8220; header_font=&#8220;||||||||&#8220; header_text_color=&#8220;#ffffff&#8220; header_2_font=&#8220;||||||||&#8220; header_2_text_color=&#8220;#ffffff&#8220;]<\/p>\n<div class=\"hover-bio-wrapper\">\n<div class=\"hover-bio\">\n<figure class=\"hover-bio\"><img decoding=\"async\" src=\"https:\/\/clean-tidy.ch\/wp-content\/uploads\/2018\/08\/Gesch\u00e4ftsr\u00e4ume-und-Ladenlokale.jpg\" \/><figcaption>\n<h2>Sauberes Arbeiten garantiert<\/h2>\n<p>Mit modernstem Equipment und umweltschonenden Produkten reinigen wir Gesch\u00e4ftsr\u00e4ume, B\u00fcros und Ladenlokale.<\/p>\n<\/figcaption><\/figure>\n<\/div>\n<\/div>\n<p>[\/et_pb_text][\/et_pb_column][et_pb_column type=&#8220;1_3&#8243; _builder_version=&#8220;3.25&#8243; custom_padding=&#8220;|||&#8220; custom_padding__hover=&#8220;|||&#8220;][et_pb_text _builder_version=&#8220;3.27.4&#8243; text_font=&#8220;||||||||&#8220; text_text_color=&#8220;#ffffff&#8220; header_font=&#8220;||||||||&#8220; header_text_color=&#8220;#ffffff&#8220; header_2_font=&#8220;||||||||&#8220; header_2_text_color=&#8220;#ffffff&#8220;]<\/p>\n<div class=\"hover-bio-wrapper\">\n<div class=\"hover-bio\">\n<figure class=\"hover-bio\"><img decoding=\"async\" src=\"https:\/\/clean-tidy.ch\/wp-content\/uploads\/2018\/08\/Reinigung-Eventlocation.jpg\" \/><figcaption>\n<h2>Endreinigung am Morgen danach<\/h2>\n<p>Sie geniessen den Augenblick, wir k\u00fcmmern uns gerne um den Rest und bringen die Event- oder Partylocation wieder in Ordnung.<\/p>\n<\/figcaption><\/figure>\n<\/div>\n<\/div>\n<p>[\/et_pb_text][\/et_pb_column][\/et_pb_row][et_pb_row column_structure=&#8220;1_3,1_3,1_3&#8243; use_custom_gutter=&#8220;on&#8220; gutter_width=&#8220;1&#8243; make_equal=&#8220;on&#8220; _builder_version=&#8220;3.25&#8243; max_width=&#8220;1014px&#8220; use_custom_width=&#8220;on&#8220; custom_width_px=&#8220;1014px&#8220;][et_pb_column type=&#8220;1_3&#8243; _builder_version=&#8220;3.25&#8243; custom_padding=&#8220;|||&#8220; custom_padding__hover=&#8220;|||&#8220;][et_pb_text _builder_version=&#8220;3.27.4&#8243; text_font=&#8220;||||||||&#8220; text_text_color=&#8220;#ffffff&#8220; header_font=&#8220;||||||||&#8220; header_text_color=&#8220;#ffffff&#8220; header_2_font=&#8220;||||||||&#8220; header_2_text_color=&#8220;#ffffff&#8220;]<\/p>\n<div class=\"hover-bio-wrapper\">\n<div class=\"hover-bio\">\n<figure class=\"hover-bio\"><img decoding=\"async\" src=\"https:\/\/clean-tidy.ch\/wp-content\/uploads\/2018\/08\/Housekeeping-und-Hauswartung.jpg\" \/><figcaption>\n<h2>Ihr Haushalt in guten H\u00e4nden<\/h2>\n<p>Wir bieten Ihnen ein privates Housekeeping auf 5 Sterne Niveau und garantieren das gepflegte Erscheinungsbild ihrer Immobilie.<\/p>\n<\/figcaption><\/figure>\n<\/div>\n<\/div>\n<p>[\/et_pb_text][\/et_pb_column][et_pb_column type=&#8220;1_3&#8243; _builder_version=&#8220;3.25&#8243; custom_padding=&#8220;|||&#8220; custom_padding__hover=&#8220;|||&#8220;][et_pb_text _builder_version=&#8220;3.27.4&#8243; text_font=&#8220;||||||||&#8220; text_text_color=&#8220;#ffffff&#8220; header_font=&#8220;||||||||&#8220; header_text_color=&#8220;#ffffff&#8220; header_2_font=&#8220;||||||||&#8220; header_2_text_color=&#8220;#ffffff&#8220;]<\/p>\n<div class=\"hover-bio-wrapper\">\n<div class=\"hover-bio\">\n<figure class=\"hover-bio\"><img decoding=\"async\" src=\"https:\/\/clean-tidy.ch\/wp-content\/uploads\/2018\/08\/Fensterreinigung-Business.jpg\" \/><figcaption>\n<h2>Behalten Sie den Durchblick<\/h2>\n<p>Wir \u00fcbernehmen f\u00fcr Sie die professionelle Reinigung Ihrer Fenster, ganz egal welche Gr\u00f6sse &#8211; innen, wie auch aussen.<\/p>\n<\/figcaption><\/figure>\n<\/div>\n<\/div>\n<p>[\/et_pb_text][\/et_pb_column][et_pb_column type=&#8220;1_3&#8243; _builder_version=&#8220;3.25&#8243; custom_padding=&#8220;|||&#8220; custom_padding__hover=&#8220;|||&#8220;][et_pb_text _builder_version=&#8220;3.27.4&#8243; text_font=&#8220;||||||||&#8220; text_text_color=&#8220;#ffffff&#8220; header_font=&#8220;||||||||&#8220; header_text_color=&#8220;#ffffff&#8220; header_2_font=&#8220;||||||||&#8220; header_2_text_color=&#8220;#ffffff&#8220;]<\/p>\n<div class=\"hover-bio-wrapper\">\n<div class=\"hover-bio\">\n<figure class=\"hover-bio\"><img decoding=\"async\" src=\"https:\/\/clean-tidy.ch\/wp-content\/uploads\/2018\/08\/Entr\u00fcmpelung-Entsorgung.jpg\" \/><figcaption>\n<h2>F\u00fcr eine sorgenfreie Haushaltsaufl\u00f6sung<\/h2>\n<p>Gerne erledigen wir f\u00fcr Sie Haus- und Wohnungsentr\u00fcmpelungen und entsorgen den \u00fcberfl\u00fcssigen Hausrat fachgerecht.<\/p>\n<\/figcaption><\/figure>\n<\/div>\n<\/div>\n<p>[\/et_pb_text][\/et_pb_column][\/et_pb_row][\/et_pb_section][et_pb_section fb_built=&#8220;1&#8243; _builder_version=&#8220;3.22&#8243; background_color=&#8220;#ffffff&#8220; custom_padding=&#8220;0|0px|54px|0px|false|false&#8220;][et_pb_row _builder_version=&#8220;3.25&#8243; max_width=&#8220;1527px&#8220; custom_padding=&#8220;118px|0px|27px|0px|false|false&#8220; use_custom_width=&#8220;on&#8220; custom_width_px=&#8220;1527px&#8220;][et_pb_column type=&#8220;4_4&#8243; _builder_version=&#8220;3.25&#8243; custom_padding=&#8220;|||&#8220; custom_padding__hover=&#8220;|||&#8220;][et_pb_text _builder_version=&#8220;3.27.4&#8243; text_font=&#8220;||||||||&#8220; text_text_shadow_style=&#8220;preset1&#8243;]<\/p>\n<h3 style=\"text-align: center;\">Interesse an unseren Angeboten, dann kontaktieren Sie uns<\/h3>\n<p>[\/et_pb_text][et_pb_image src=&#8220;https:\/\/clean-tidy.ch\/wp-content\/uploads\/2018\/08\/mail-send.png&#8220; url=&#8220;mailto:info@clean-tidy.ch&#8220; url_new_window=&#8220;on&#8220; align=&#8220;center&#8220; align_tablet=&#8220;center&#8220; align_phone=&#8220;&#8220; align_last_edited=&#8220;on|desktop&#8220; _builder_version=&#8220;3.23&#8243; custom_margin=&#8220;-50px|||&#8220;][\/et_pb_image][et_pb_text _builder_version=&#8220;3.27.4&#8243; text_font=&#8220;||||||||&#8220; text_text_shadow_style=&#8220;preset1&#8243;]<\/p>\n<h3 style=\"text-align: center;\">und klicken einfach auf das Symbol.<\/h3>\n<p style=\"text-align: center;\">[\/et_pb_text][\/et_pb_column][\/et_pb_row][\/et_pb_section][et_pb_section fb_built=&#8220;1&#8243; disabled_on=&#8220;on|on|on&#8220; module_id=&#8220;produkte&#8220; _builder_version=&#8220;4.9.4&#8243; background_image=&#8220;https:\/\/clean-tidy.ch\/wp-content\/uploads\/2018\/08\/Reinigungsprodukte-vom-Profi.jpg&#8220; custom_padding=&#8220;54px|0px|220px|0px|false|false&#8220; top_divider_color=&#8220;#557f9d&#8220; bottom_divider_color=&#8220;#557f9d&#8220; bottom_divider_height=&#8220;120px&#8220; bottom_divider_flip=&#8220;vertical&#8220; bottom_divider_height_tablet=&#8220;105px&#8220; bottom_divider_height_phone=&#8220;62px&#8220; bottom_divider_height_last_edited=&#8220;on|phone&#8220; disabled=&#8220;on&#8220;][et_pb_row _builder_version=&#8220;3.25&#8243; max_width=&#8220;500px&#8220; module_alignment=&#8220;left&#8220; use_custom_width=&#8220;on&#8220; custom_width_px=&#8220;500px&#8220;][et_pb_column type=&#8220;4_4&#8243; _builder_version=&#8220;3.25&#8243; custom_padding=&#8220;|||&#8220; custom_padding__hover=&#8220;|||&#8220;][et_pb_text _builder_version=&#8220;3.27.4&#8243; text_font=&#8220;||||||||&#8220; text_text_color=&#8220;#ffffff&#8220; header_font=&#8220;||||||||&#8220; header_text_color=&#8220;#ffffff&#8220; header_2_font=&#8220;|700|||||||&#8220; header_2_text_color=&#8220;#ffffff&#8220; background_color=&#8220;rgba(247,46,15,0.64)&#8220; max_width=&#8220;98%&#8220; module_alignment=&#8220;left&#8220; custom_padding=&#8220;50px|27px|50px|27px&#8220;]<\/p>\n<h2>Unsere Produkte<\/h2>\n<p>F\u00fcr unsere Reinigungsleistungen verwenden wir ausschliesslich umweltfreundliche Produkte namhafter Hersteller. Dabei orientieren wir uns am modernsten Stand umweltschonender Technologien.<\/p>\n<p>Ein r\u00fccksichtsvoller Umgang mit unserem Planeten liegt uns sehr am Herzen<\/p>\n<p style=\"text-align: center;\">[\/et_pb_text][\/et_pb_column][\/et_pb_row][\/et_pb_section]<\/p>\n","protected":false},"excerpt":{"rendered":"<p>Wir sind die Profis, wenn es um die Endreinigung Ihrer Liegenschaft, Wohnung oder des Ferienchalets geht. Unsere breit gef\u00e4cherte Angebotspalette bietet professionelle Dienstleistungen in den Bereichen Reinigung, Logistik und Housekeeping. Ihre Auftr\u00e4ge werden pr\u00e4zise, termingerecht, zuverl\u00e4ssig und preiswert durchgef\u00fchrt. Darauf legen wir grossen Wert. Wo auch immer Schmutz anf\u00e4llt, fragen sie uns um Rat.Wir haben [&hellip;]<\/p>\n","protected":false},"author":2,"featured_media":0,"parent":0,"menu_order":0,"comment_status":"closed","ping_status":"closed","template":"","meta":{"_et_pb_use_builder":"on","_et_pb_old_content":"","_et_gb_content_width":"","footnotes":""},"class_list":["post-19","page","type-page","status-publish","hentry"],"_links":{"self":[{"href":"https:\/\/clean-tidy.ch\/index.php?rest_route=\/wp\/v2\/pages\/19","targetHints":{"allow":["GET"]}}],"collection":[{"href":"https:\/\/clean-tidy.ch\/index.php?rest_route=\/wp\/v2\/pages"}],"about":[{"href":"https:\/\/clean-tidy.ch\/index.php?rest_route=\/wp\/v2\/types\/page"}],"author":[{"embeddable":true,"href":"https:\/\/clean-tidy.ch\/index.php?rest_route=\/wp\/v2\/users\/2"}],"replies":[{"embeddable":true,"href":"https:\/\/clean-tidy.ch\/index.php?rest_route=%2Fwp%2Fv2%2Fcomments&post=19"}],"version-history":[{"count":193,"href":"https:\/\/clean-tidy.ch\/index.php?rest_route=\/wp\/v2\/pages\/19\/revisions"}],"predecessor-version":[{"id":779,"href":"https:\/\/clean-tidy.ch\/index.php?rest_route=\/wp\/v2\/pages\/19\/revisions\/779"}],"wp:attachment":[{"href":"https:\/\/clean-tidy.ch\/index.php?rest_route=%2Fwp%2Fv2%2Fmedia&parent=19"}],"curies":[{"name":"wp","href":"https:\/\/api.w.org\/{rel}","templated":true}]}}