{"id":378,"date":"2018-08-09T10:01:34","date_gmt":"2018-08-09T08:01:34","guid":{"rendered":"https:\/\/clean-tidy.ch\/?page_id=378"},"modified":"2021-04-28T11:46:24","modified_gmt":"2021-04-28T09:46:24","slug":"datenschutz","status":"publish","type":"page","link":"https:\/\/clean-tidy.ch\/?page_id=378","title":{"rendered":"Datenschutz"},"content":{"rendered":"\n\n[et_pb_section fb_built=&#8220;1&#8243; next_background_color=&#8220;#ffffff&#8220; _builder_version=&#8220;3.10.2&#8243; background_image=&#8220;https:\/\/clean-tidy.ch\/wp-content\/uploads\/2018\/08\/20140309_165122_094.jpg&#8220; background_position=&#8220;bottom_left&#8220; custom_padding=&#8220;134px|0px|140px|0px|false|false&#8220; bottom_divider_style=&#8220;wave&#8220; bottom_divider_height=&#8220;117px&#8220; bottom_divider_flip=&#8220;vertical&#8220; bottom_divider_height_phone=&#8220;60px&#8220; bottom_divider_height_last_edited=&#8220;on|phone&#8220;][et_pb_row _builder_version=&#8220;3.10.2&#8243;][et_pb_column type=&#8220;4_4&#8243; _builder_version=&#8220;3.0.47&#8243; parallax=&#8220;off&#8220; parallax_method=&#8220;on&#8220;][\/et_pb_column][\/et_pb_row][\/et_pb_section][et_pb_section fb_built=&#8220;1&#8243; _builder_version=&#8220;3.10.2&#8243;][et_pb_row _builder_version=&#8220;3.10.2&#8243;][et_pb_column type=&#8220;4_4&#8243; _builder_version=&#8220;3.0.47&#8243; parallax=&#8220;off&#8220; parallax_method=&#8220;on&#8220;][et_pb_image src=&#8220;https:\/\/clean-tidy.ch\/wp-content\/uploads\/2018\/07\/logo_cleanandtidy_2018.png&#8220; _builder_version=&#8220;3.10.2&#8243; max_width=&#8220;40%&#8220; max_width_phone=&#8220;100%&#8220; max_width_last_edited=&#8220;on|phone&#8220; module_alignment=&#8220;center&#8220;][\/et_pb_image][\/et_pb_column][\/et_pb_row][\/et_pb_section][et_pb_section fb_built=&#8220;1&#8243; _builder_version=&#8220;3.10.2&#8243; custom_padding=&#8220;0|0px|117px|0px|false|false&#8220; bottom_divider_color=&#8220;#557f9d&#8220; bottom_divider_height=&#8220;117px&#8220; bottom_divider_flip=&#8220;vertical&#8220; bottom_divider_height_phone=&#8220;60px&#8220; bottom_divider_height_last_edited=&#8220;on|phone&#8220;][et_pb_row use_custom_width=&#8220;on&#8220; _builder_version=&#8220;3.10.2&#8243;][et_pb_column type=&#8220;4_4&#8243; _builder_version=&#8220;3.0.47&#8243; parallax=&#8220;off&#8220; parallax_method=&#8220;on&#8220;][et_pb_text _builder_version=&#8220;3.10.2&#8243; text_font=&#8220;||||||||&#8220; text_text_color=&#8220;#474747&#8243; header_font=&#8220;Lato||||||||&#8220; header_text_color=&#8220;#474747&#8243;]\r\n<h1 style=\"text-align: center;\">Datenschutz<\/h1>\r\n[\/et_pb_text][et_pb_text _builder_version=&#8220;3.15&#8243; text_font=&#8220;||||||||&#8220; text_text_color=&#8220;#474747&#8243; header_font=&#8220;||||||||&#8220; header_2_font=&#8220;||||||||&#8220; header_2_text_color=&#8220;#557f9d&#8220;]\r\n<div id=\"cc-m-11573982022\" class=\"j-module n j-text \">\r\n<p style=\"text-align: justify;\">Diese Datenschutzerkl\u00e4rung soll die Nutzer dieser Website gem\u00e4\u00df Bundesdatenschutzgesetz und Telemediengesetz \u00fcber die Art,den Umfang und den Zweck der Erhebung und Verwendung personenbezogener Daten durch den Websitebetreiber<\/p>\r\n\r\n<h2 style=\"text-align: left;\">c<span style=\"color: #474747;\">lean<\/span> &amp; t<span style=\"color: #474747;\">idy<\/span><\/h2>\r\n<p style=\"text-align: left;\">Matthias Bernhardt<\/p>\r\n<p style=\"text-align: left;\">Alpenstrasse 139 &#8211; 8203 Schaffhausen<\/p>\r\n<p style=\"text-align: left;\">+41 76 342 71 18\r\nMail: <a href=\"mailto:info@clean-tidy.ch\" target=\"_blank\" rel=\"noopener noreferrer\">info@clean-tidy.ch<\/a><\/p>\r\n<p style=\"text-align: justify;\">informieren.<\/p>\r\n<p style=\"text-align: justify;\">Der Websitebetreiber nimmt Ihren Datenschutz sehr ernst und behandelt Ihre personenbezogenen Daten vertraulich und entsprechend der gesetzlichen Vorschriften.<\/p>\r\n<p style=\"text-align: justify;\">Bedenken Sie, dass die Daten\u00fcbertragung im Internet grunds\u00e4tzlich mit Sicherheitsl\u00fccken bedacht sein kann. Ein vollumf\u00e4nglicher Schutz vor dem Zugriff durch Fremde ist nicht realisierbar.<\/p>\r\n<p style=\"text-align: center;\"><\/p>\r\n\r\n<\/div>\r\n[\/et_pb_text][\/et_pb_column][\/et_pb_row][et_pb_row use_custom_width=&#8220;on&#8220; _builder_version=&#8220;3.10.2&#8243;][et_pb_column type=&#8220;4_4&#8243; _builder_version=&#8220;3.0.47&#8243; parallax=&#8220;off&#8220; parallax_method=&#8220;on&#8220;][et_pb_text _builder_version=&#8220;3.10.2&#8243; text_font=&#8220;||||||||&#8220; text_text_color=&#8220;#474747&#8243; header_font=&#8220;Lato||||||||&#8220; header_text_color=&#8220;#474747&#8243;]\r\n<h2 style=\"text-align: justify;\">Zugriffsdaten<\/h2>\r\n<p style=\"text-align: justify;\">Der Websitebetreiber bzw. Seitenprovider erhebt Daten \u00fcber Zugriffe auf die Seite und speichert diese als \u201eServer-Logfiles\u201c ab. Folgende Daten werden so protokolliert:<\/p>\r\n\r\n<ul style=\"text-align: justify;\">\r\n \t<li>Besuchte Website<\/li>\r\n \t<li>Uhrzeit zum Zeitpunkt des Zugriffes<\/li>\r\n \t<li>Menge der gesendeten Daten in Byte<\/li>\r\n \t<li>Quelle\/Verweis, von welchem Sie auf die Seite gelangten<\/li>\r\n \t<li>Verwendeter Browser<\/li>\r\n \t<li>Verwendetes Betriebssystem<\/li>\r\n \t<li>Verwendete IP-Adresse<\/li>\r\n<\/ul>\r\n<p style=\"text-align: justify;\">Die erhobenen Daten dienen lediglich statistischen Auswertungen und zur Verbesserung der Website. Der Websitebetreiber beh\u00e4lt sich allerdings vor, die Server-Logfiles nachtr\u00e4glich zu \u00fcberpr\u00fcfen, sollten konkrete Anhaltspunkte auf eine rechtswidrige Nutzung hinweisen.<\/p>\r\n[\/et_pb_text][et_pb_text _builder_version=&#8220;3.10.2&#8243; text_font=&#8220;||||||||&#8220; text_text_color=&#8220;#474747&#8243; header_font=&#8220;Lato||||||||&#8220; header_text_color=&#8220;#474747&#8243;]\r\n<h2 style=\"text-align: justify;\">Cookies<\/h2>\r\n<p style=\"text-align: justify;\">Die Internetseiten verwenden teilweise so genannte Cookies. Cookies richten auf Ihrem Rechner keinen Schaden an und enthalten keine Viren. Cookies dienen dazu, unser Angebot nutzerfreundlicher, effektiver und sicherer zu machen. Cookies sind kleine Textdateien, die auf Ihrem Rechner abgelegt werden und die Ihr Browser speichert.<\/p>\r\n<p style=\"text-align: justify;\">Die meisten der von uns verwendeten Cookies sind so genannte \u201eSession-Cookies\u201c. Sie werden nach Ende Ihres Besuchs automatisch gel\u00f6scht. Andere Cookies bleiben auf Ihrem Endger\u00e4t gespeichert, bis Sie diese l\u00f6schen. Diese Cookies erm\u00f6glichen es uns, Ihren Browser beim n\u00e4chsten Besuch wiederzuerkennen.<\/p>\r\n<p style=\"text-align: justify;\">Sie k\u00f6nnen Ihren Browser so einstellen, dass Sie \u00fcber das Setzen von Cookies informiert werden und Cookies nur im Einzelfall erlauben, die Annahme von Cookies f\u00fcr bestimmte F\u00e4lle oder generell ausschlie\u00dfen sowie das automatische L\u00f6schen der Cookies beim Schlie\u00dfen des Browser aktivieren. Bei der Deaktivierung von Cookies kann die Funktionalit\u00e4t dieser Website eingeschr\u00e4nkt sein.<\/p>\r\n[\/et_pb_text][et_pb_text _builder_version=&#8220;3.10.2&#8243; text_font=&#8220;||||||||&#8220; text_text_color=&#8220;#474747&#8243; header_font=&#8220;Lato||||||||&#8220; header_text_color=&#8220;#474747&#8243;]\r\n<h2 style=\"text-align: left;\">Umgang mit personenbezogenen Daten<\/h2>\r\n<p style=\"text-align: justify;\">Der Websitebetreiber erhebt, nutzt und gibt Ihre personenbezogenen Daten nur dann weiter, wenn dies im gesetzlichen Rahmen erlaubt ist oder Sie in die Datenerhebung einwilligen.<\/p>\r\n<p style=\"text-align: justify;\">Als personenbezogene Daten gelten s\u00e4mtliche Informationen, welche dazu dienen, Ihre Person zu bestimmen und welche zu Ihnen zur\u00fcckverfolgt werden k\u00f6nnen \u2013 also beispielsweise Ihr Name, Ihre E-Mail-Adresse und Telefonnummer.<\/p>\r\n[\/et_pb_text][et_pb_text _builder_version=&#8220;3.10.2&#8243; text_font=&#8220;||||||||&#8220; text_text_color=&#8220;#474747&#8243; header_font=&#8220;Lato||||||||&#8220; header_text_color=&#8220;#474747&#8243;]\r\n<h2 style=\"text-align: justify;\">Umgang mit Kontaktdaten<\/h2>\r\n<p style=\"text-align: justify;\">Nehmen Sie mit dem Websitebetreiber durch die angebotenen Kontaktm\u00f6glichkeiten Verbindung auf, werden Ihre Angaben gespeichert, damit auf diese zur Bearbeitung und Beantwortung Ihrer Anfrage zur\u00fcckgegriffen werden kann. Ohne Ihre Einwilligung werden diese Daten nicht an Dritte weitergegeben.<\/p>\r\n[\/et_pb_text][et_pb_text _builder_version=&#8220;3.10.2&#8243; text_font=&#8220;||||||||&#8220; text_text_color=&#8220;#474747&#8243; header_font=&#8220;Lato||||||||&#8220; header_text_color=&#8220;#474747&#8243;]\r\n<h2 style=\"text-align: justify;\">Rechte des Nutzers: Auskunft, Berichtigung und L\u00f6schung<\/h2>\r\n<p style=\"text-align: justify;\">Sie als Nutzer erhalten auf Antrag Ihrerseits kostenlose Auskunft dar\u00fcber, welche personenbezogenen Daten \u00fcber Sie gespeichert wurden. Sofern Ihr Wunsch nicht mit einer gesetzlichen Pflicht zur Aufbewahrung von Daten (z. B. Vorratsdatenspeicherung) kollidiert, haben Sie ein Anrecht auf Berichtigung falscher Daten und auf die Sperrung oder L\u00f6schung Ihrer personenbezogenen Daten.<\/p>\r\n[\/et_pb_text][et_pb_text _builder_version=&#8220;3.10.2&#8243; text_font=&#8220;||||||||&#8220; text_text_color=&#8220;#557f9d&#8220; header_font=&#8220;||||||||&#8220; header_2_font=&#8220;||||||||&#8220; header_2_text_color=&#8220;#474747&#8243;]\r\n<div class=\"et_pb_column et_pb_column_4_4 et_pb_column_1\">\r\n<div class=\"et_pb_text et_pb_module et_pb_bg_layout_light et_pb_text_align_center et_pb_text_1\">\r\n<h2 style=\"text-align: justify;\">SSL- bzw. TLS-Verschl\u00fcsselung<\/h2>\r\n<p style=\"text-align: justify;\">Diese Seite nutzt aus Sicherheitsgr\u00fcnden und zum Schutz der \u00dcbertragung vertraulicher Inhalte, wie zum Beispiel Bestellungen oder Anfragen, die Sie an uns als Seitenbetreiber senden, eine SSL-bzw. TLS-Verschl\u00fcsselung. Eine verschl\u00fcsselte Verbindung erkennen Sie daran, dass die Adresszeile des Browsers von \u201chttp:\/\/\u201d auf \u201chttps:\/\/\u201d wechselt und an dem Schloss-Symbol in Ihrer Browserzeile.<\/p>\r\n<p style=\"text-align: justify;\">Wenn die SSL- bzw. TLS-Verschl\u00fcsselung aktiviert ist, k\u00f6nnen die Daten, die Sie an uns \u00fcbermitteln, nicht von Dritten mitgelesen werden.<\/p>\r\n<p style=\"text-align: justify;\"><\/p>\r\n\r\n<\/div>\r\n<\/div>\r\n[\/et_pb_text][et_pb_text _builder_version=&#8220;3.10.2&#8243; text_font=&#8220;||||||||&#8220; text_text_color=&#8220;#474747&#8243; header_font=&#8220;Lato||||||||&#8220; header_text_color=&#8220;#474747&#8243;]\r\n<h2>Google Analytics Erg\u00e4nzung<\/h2>\r\n<p class=\"n\">Diese Website benutzt Google Analytics, einen Webanalysedienst der Google Inc. (\u201eGoogle\u201c). Google Analytics verwendet sog. \u201eCookies\u201c, Textdateien, die auf Ihrem Computer gespeichert werden und die eine Analyse der Benutzung der Website durch Sie erm\u00f6glichen. Die durch den Cookie erzeugten Informationen \u00fcber Ihre Benutzung dieser Website werden in der Regel an einen Server von Google in den USA \u00fcbertragen und dort gespeichert. Im Falle der Aktivierung der IP-Anonymisierung auf dieser Webseite, wird Ihre IP-Adresse von Google jedoch innerhalb von Mitgliedstaaten der Europ\u00e4ischen Union oder in anderen Vertragsstaaten des Abkommens \u00fcber den Europ\u00e4ischen Wirtschaftsraum zuvor gek\u00fcrzt. Nur in Ausnahmef\u00e4llen wird die volle IP-Adresse an einen Server von Google in den USA \u00fcbertragen und dort gek\u00fcrzt. Im Auftrag des Betreibers dieser Website wird Google diese Informationen benutzen, um Ihre Nutzung der Website auszuwerten, um Reports \u00fcber die Websiteaktivit\u00e4ten zusammenzustellen und um weitere mit der Websitenutzung und der Internetnutzung verbundene Dienstleistungen gegen\u00fcber dem Websitebetreiber zu erbringen. Die im Rahmen von Google Analytics von Ihrem Browser \u00fcbermittelte IP-Adresse wird nicht mit anderen Daten von Google zusammengef\u00fchrt. Sie k\u00f6nnen die Speicherung der Cookies durch eine entsprechende Einstellung Ihrer Browser-Software verhindern; wir weisen Sie jedoch darauf hin, dass Sie in diesem Fall gegebenenfalls nicht s\u00e4mtliche Funktionen dieser Website vollumf\u00e4nglich werden nutzen k\u00f6nnen. Sie k\u00f6nnen dar\u00fcber hinaus die Erfassung der durch das Cookie erzeugten und auf Ihre Nutzung der Website bezogenen Daten (inkl. Ihrer IP-Adresse) an Google sowie die Verarbeitung dieser Daten durch Google verhindern, indem Sie das unter dem folgenden Link verf\u00fcgbare Browser-Plugin herunterladen und installieren: <a href=\"http:\/\/tools.google.com\/dlpage\/gaoptout\" target=\"_blank\" rel=\"noopener\">http:\/\/tools.google.com\/dlpage\/gaoptout<\/a><\/p>\r\n<span class=\"jtpl-ga-opt-out-text \">Sie k\u00f6nnen die Erfassung durch Google Analytics verhindern, indem Sie auf folgenden <a class=\"ga-opt-out-link\">Link<\/a> klicken.\r\nEs wird ein Opt-Out-Cookie gesetzt, der die zuk\u00fcnftige Erfassung Ihrer Daten beim Besuch dieser Website verhindert<\/span>\r\n\r\nN\u00e4here Informationen zu Nutzungsbedingungen und Datenschutz finden Sie unter den <a href=\"https:\/\/www.google.com\/analytics\/terms\/de.html\" target=\"_blank\" rel=\"noopener\">Google Analytics Bedingungen<\/a> bzw. unter der <a href=\"https:\/\/www.google.com\/intl\/de\/policies\/privacy\/index.html\" target=\"_blank\" rel=\"noopener\">Google Analytics \u00dcbersicht<\/a>. Wir weisen Sie darauf hin, dass auf dieser Webseite Google Analytics um den Code &#8222;gat._anonymizeIp();&#8220; erweitert wurde, um eine anonymisierte Erfassung von IP-Adressen (sog. IP-Masking) zu gew\u00e4hrleisten.\r\n\r\n&nbsp;\r\n<h2 class=\"n\">reCAPTCHA<\/h2>\r\n<p class=\"n\">Zum Schutz Ihrer Anfragen per Internetformular verwenden wir den Dienst reCAPTCHA des Unternehmens Google Inc. (Google). Die Abfrage dient der Unterscheidung, ob die Eingabe durch einen Menschen oder missbr\u00e4uchlich durch automatisierte, maschinelle Verarbeitung erfolgt. Die Abfrage schlie\u00dft den Versand der IP-Adresse und ggf. weiterer von Google f\u00fcr den Dienst reCAPTCHA ben\u00f6tigter Daten an Google ein. Zu diesem Zweck wird Ihre Eingabe an Google \u00fcbermittelt und dort weiter verwendet. Ihre IP-Adresse wird von Google jedoch innerhalb von Mitgliedstaaten der Europ\u00e4ischen Union oder in anderen Vertragsstaaten des Abkommens \u00fcber den Europ\u00e4ischen Wirtschaftsraum zuvor gek\u00fcrzt. Nur in Ausnahmef\u00e4llen wird die volle IP-Adresse an einen Server von Google in den USA \u00fcbertragen und dort gek\u00fcrzt. Im Auftrag des Betreibers dieser Website wird Google diese Informationen benutzen, um Ihre Nutzung dieses Dienstes auszuwerten. Die im Rahmen von reCaptcha von Ihrem Browser \u00fcbermittelte IP-Adresse wird nicht mit anderen Daten von Google zusammengef\u00fchrt. F\u00fcr diese Daten gelten die abweichenden Datenschutzbestimmungen des Unternehmens Google. Weitere Informationen zu den Datenschutzrichtlinien von Google finden Sie unter: <a href=\"https:\/\/policies.google.com\/privacy?hl=de\" target=\"_blank\" rel=\"noopener\">https:\/\/policies.google.com\/privacy?hl=de<\/a><\/p>\r\n[\/et_pb_text][et_pb_text _builder_version=&#8220;3.10.2&#8243;]\r\n<div class=\"et_pb_text et_pb_module et_pb_bg_layout_light et_pb_text_align_center et_pb_text_2\">\r\n<h2 style=\"text-align: justify;\">Google Web Fonts<\/h2>\r\n<p style=\"text-align: justify;\">Diese Seite nutzt zur einheitlichen Darstellung von Schriftarten die so genannten Web Fonts, die von Google bereitgestellt werden. Beim Aufruf einer Seite l\u00e4dt Ihr Browser die ben\u00f6tigten Web Fonts in ihren Browsercache, um Texte und Schriftarten korrekt anzuzeigen.<\/p>\r\n<p style=\"text-align: justify;\">Zu diesem Zweck muss der von Ihnen verwendete Browser Verbindung zu den Servern von Google aufnehmen. Hierdurch erlangt Google Kenntnis dar\u00fcber, dass \u00fcber Ihre IP-Adresse unsere Website aufgerufen wurde. Die Nutzung von Google Web Fonts erfolgt im Interesse einer einheitlichen und ansprechenden Darstellung unserer Online-Angebote. Dies stellt ein berechtigtes Interesse im Sinne von Art. 6 Abs. 1 lit. f DSGVO dar.<\/p>\r\n<p style=\"text-align: justify;\">Wenn Ihr Browser Web Fonts nicht unterst\u00fctzt, wird eine Standardschrift von Ihrem Computer genutzt.<\/p>\r\n<p style=\"text-align: justify;\">Weitere Informationen zu Google Web Fonts finden Sie unter<a href=\"https:\/\/developers.google.com\/fonts\/faq\"> https:\/\/developers.google.com\/fonts\/faq<\/a> und in der Datenschutzerkl\u00e4rung von Google: <a href=\"https:\/\/www.google.com\/policies\/privacy\/\">https:\/\/www.google.com\/policies\/privacy\/.<\/a><\/p>\r\n\r\n<\/div>\r\n[\/et_pb_text][\/et_pb_column][\/et_pb_row][\/et_pb_section]\n\n","protected":false},"excerpt":{"rendered":"<p>Datenschutz Diese Datenschutzerkl\u00e4rung soll die Nutzer dieser Website gem\u00e4\u00df Bundesdatenschutzgesetz und Telemediengesetz \u00fcber die Art,den Umfang und den Zweck der Erhebung und Verwendung personenbezogener Daten durch den Websitebetreiber clean &amp; tidy Matthias Bernhardt Alpenstrasse 139 &#8211; 8203 Schaffhausen +41 76 342 71 18 Mail: info@clean-tidy.ch informieren. Der Websitebetreiber nimmt Ihren Datenschutz sehr ernst und behandelt [&hellip;]<\/p>\n","protected":false},"author":2,"featured_media":0,"parent":0,"menu_order":0,"comment_status":"closed","ping_status":"closed","template":"","meta":{"_et_pb_use_builder":"on","_et_pb_old_content":"","_et_gb_content_width":"","footnotes":""},"class_list":["post-378","page","type-page","status-publish","hentry"],"_links":{"self":[{"href":"https:\/\/clean-tidy.ch\/index.php?rest_route=\/wp\/v2\/pages\/378","targetHints":{"allow":["GET"]}}],"collection":[{"href":"https:\/\/clean-tidy.ch\/index.php?rest_route=\/wp\/v2\/pages"}],"about":[{"href":"https:\/\/clean-tidy.ch\/index.php?rest_route=\/wp\/v2\/types\/page"}],"author":[{"embeddable":true,"href":"https:\/\/clean-tidy.ch\/index.php?rest_route=\/wp\/v2\/users\/2"}],"replies":[{"embeddable":true,"href":"https:\/\/clean-tidy.ch\/index.php?rest_route=%2Fwp%2Fv2%2Fcomments&post=378"}],"version-history":[{"count":25,"href":"https:\/\/clean-tidy.ch\/index.php?rest_route=\/wp\/v2\/pages\/378\/revisions"}],"predecessor-version":[{"id":671,"href":"https:\/\/clean-tidy.ch\/index.php?rest_route=\/wp\/v2\/pages\/378\/revisions\/671"}],"wp:attachment":[{"href":"https:\/\/clean-tidy.ch\/index.php?rest_route=%2Fwp%2Fv2%2Fmedia&parent=378"}],"curies":[{"name":"wp","href":"https:\/\/api.w.org\/{rel}","templated":true}]}}