{"id":532,"date":"2018-08-14T11:21:28","date_gmt":"2018-08-14T09:21:28","guid":{"rendered":"https:\/\/clean-tidy.ch\/?page_id=532"},"modified":"2022-02-11T10:23:22","modified_gmt":"2022-02-11T09:23:22","slug":"referenzen","status":"publish","type":"page","link":"https:\/\/clean-tidy.ch\/?page_id=532","title":{"rendered":"Referenzen"},"content":{"rendered":"<p>[et_pb_section fb_built=&#8220;1&#8243; next_background_color=&#8220;#ffffff&#8220; _builder_version=&#8220;4.9.4&#8243; background_image=&#8220;https:\/\/clean-tidy.ch\/wp-content\/uploads\/2018\/08\/Referenzen.jpg&#8220; custom_padding=&#8220;|0px|700px|0px|false|false&#8220; bottom_divider_style=&#8220;wave&#8220; bottom_divider_height=&#8220;117px&#8220; bottom_divider_flip=&#8220;vertical&#8220; bottom_divider_height_tablet=&#8220;&#8220; bottom_divider_height_phone=&#8220;60px&#8220; bottom_divider_height_last_edited=&#8220;on|tablet&#8220;][\/et_pb_section][et_pb_section fb_built=&#8220;1&#8243; _builder_version=&#8220;3.22&#8243;][et_pb_row _builder_version=&#8220;3.25&#8243;][et_pb_column type=&#8220;4_4&#8243; _builder_version=&#8220;3.25&#8243; custom_padding=&#8220;|||&#8220; custom_padding__hover=&#8220;|||&#8220;][et_pb_image src=&#8220;https:\/\/clean-tidy.ch\/wp-content\/uploads\/2018\/07\/logo_cleanandtidy_2018.png&#8220; align_tablet=&#8220;center&#8220; align_phone=&#8220;&#8220; align_last_edited=&#8220;on|desktop&#8220; _builder_version=&#8220;3.23&#8243; max_width=&#8220;40%&#8220; max_width_tablet=&#8220;&#8220; max_width_phone=&#8220;&#8220; max_width_last_edited=&#8220;on|desktop&#8220; module_alignment=&#8220;center&#8220;]&nbsp;<br \/>\n[\/et_pb_image][\/et_pb_column][\/et_pb_row][\/et_pb_section][et_pb_section fb_built=&#8220;1&#8243; _builder_version=&#8220;3.22&#8243; custom_padding=&#8220;0|0px|121px|0px|false|false&#8220; bottom_divider_color=&#8220;#557f9d&#8220; bottom_divider_height=&#8220;117px&#8220; bottom_divider_flip=&#8220;vertical&#8220;][et_pb_row _builder_version=&#8220;3.25&#8243;][et_pb_column type=&#8220;4_4&#8243; _builder_version=&#8220;3.25&#8243; custom_padding=&#8220;|||&#8220; custom_padding__hover=&#8220;|||&#8220;][et_pb_text _builder_version=&#8220;3.27.4&#8243; text_font=&#8220;||||||||&#8220; text_text_color=&#8220;#474747&#8243; header_font=&#8220;Lato||||||||&#8220; header_text_color=&#8220;#474747&#8243;]<\/p>\n<h1 style=\"text-align: center;\">Referenzen<\/h1>\n<p>[\/et_pb_text][et_pb_testimonial author=&#8220;Herr Christopher Kenneth. Gordon&#8220; job_title=&#8220;Operations Director&#8220; company_name=&#8220;The Butler &#038; Gordon GmbH&#8220; portrait_url=&#8220;https:\/\/clean-tidy.ch\/wp-content\/uploads\/2022\/02\/Logo_Butler_Gordon_CT.jpg&#8220; quote_icon_color=&#8220;#557f9d&#8220; quote_icon_background_color=&#8220;rgba(0,0,0,0)&#8220; _builder_version=&#8220;4.9.4&#8243; background_color=&#8220;rgba(135,179,237,0.37)&#8220; hover_enabled=&#8220;0&#8243; sticky_enabled=&#8220;0&#8243;]<\/p>\n<p>The Butler &amp; Gordon GmbH ist seit u\u0308ber zehn Jahren in der privaten Dienstleistungsbranche insbesondere im Gastgewerbe t\u00e4tig. Manchmal mu\u0308ssen wir Dienstleistungen an andere Unternehmen auslagern, die wir selbst nicht erfu\u0308llen k\u00f6nnen.<br \/>Die Firma clean &amp; tidy hat unser Unternehmen bei Dienstleistungen im Bereich Housekeeping und House Management unterstu\u0308tzt. The Butler &amp; Gordon haben die Firma clean &amp; tidy als exzellenten Partner in diesem Bereich gefunden und k\u00f6nnen jedem, der die Dienste von clean &amp; tidy ben\u00f6tigt, nur die h\u00f6chste Empfehlung aussprechen. Sie bleiben ein wertvoller Partner von The Butler &amp; Gordon und wir freuen uns auf viele weitere Jahre der Zusammenarbeit.<\/p>\n<p>Dank Ihrer sehr guten Leistungen haben wir in unserem Haus einen hervorragenden Stand bez\u00fcglich der Hygiene und Sauberkeit im Event K\u00fcchenbereich.<\/p>\n<p>[\/et_pb_testimonial][et_pb_testimonial author=&#8220;Urs Imboden&#8220; job_title=&#8220;Verwalter&#8220; company_name=&#8220;FREITAG IMMO GmbH, Diessenhofen&#8220; portrait_url=&#8220;https:\/\/clean-tidy.ch\/wp-content\/uploads\/2022\/02\/Logo_FREITAG_IMMO.jpg&#8220; quote_icon_color=&#8220;#557f9d&#8220; quote_icon_background_color=&#8220;rgba(0,0,0,0)&#8220; _builder_version=&#8220;4.9.4&#8243; background_color=&#8220;rgba(135,179,237,0.37)&#8220;]Ich bin mit Ihrem Service sehr zufrieden. Die Zusammenarbeit gestaltet sich freundlich und angenehm. Probleme bei der Liegenschaft werden gemeldet und Schadensminderung aktiv angestrebt.[\/et_pb_testimonial][et_pb_testimonial author=&#8220;Eric K\u00fcsters &#8220; company_name=&#8220;K\u00fcsters Geb\u00e4udemanagement JHLPS&#8220; portrait_url=&#8220;https:\/\/clean-tidy.ch\/wp-content\/uploads\/2022\/02\/Logo_referenzen.jpg&#8220; quote_icon_color=&#8220;#557f9d&#8220; quote_icon_background_color=&#8220;rgba(0,0,0,0)&#8220; _builder_version=&#8220;4.9.4&#8243; background_color=&#8220;rgba(135,179,237,0.37)&#8220;]Ihre Firma leistet gute Arbeit.<br \/>\nDie Vorg\u00e4nge sind gut geplant sauber ausgef\u00fchrt, transparent f\u00fcr alle Beteiligten.<br \/>\nKurze direkte Wege und immer einen Ansprechpartner mit kurzen Reaktionszeiten.<br \/>\nEine Firma die bei der Arbeit auch mitdenkt.[\/et_pb_testimonial][et_pb_testimonial author=&#8220;R. Maiullari&#8220; job_title=&#8220;Gesch\u00e4ftsf\u00fchrer&#8220; company_name=&#8220;Swimag Immobilien- und Handels AG&#8220; portrait_url=&#8220;https:\/\/clean-tidy.ch\/wp-content\/uploads\/2022\/02\/Logo_referenzen.jpg&#8220; quote_icon_color=&#8220;#557f9d&#8220; quote_icon_background_color=&#8220;rgba(0,0,0,0)&#8220; _builder_version=&#8220;4.9.4&#8243; background_color=&#8220;rgba(135,179,237,0.37)&#8220; hover_enabled=&#8220;0&#8243; sticky_enabled=&#8220;0&#8243;]<\/p>\n<p>Hiermit m\u00f6chten wir f\u00fcr die langj\u00e4hrige und stets angenehme Zusammenarbeit unseren Dank an das Reinigungsinstitut clean &amp; tidy Schaffhausen aussprechen.<\/p>\n<p>Wir sch\u00e4tzen Ihre kooperative und zuverl\u00e4ssige Arbeit sehr. Auch Ihre l\u00f6sungs- und ersparnisorientierten Vorschl\u00e4ge kommen bei uns sehr gut an. Selbst Kleinstreparaturen sind f\u00fcr Sie kein Problem.<br \/>Die Hauswartschaft in Schaffhausen und die Spezialreinigungen (Schaffhausen und Z\u00fcrich) erledigen Sie zu unserer vollsten Zufriedenheit.<\/p>\n<p>Daher k\u00f6nnen wir, als ein Unternehmen aus der Immobilienverwaltungsbranche, Sie gerne f\u00fcr Hauswartschaften, Wohnungs- und Bauendreinigungen und Spezialreinigungen weiterempfehlen.<\/p>\n<p>Wir freuen uns auf weitere Jahre der Zusammenarbeit.<\/p>\n<p>[\/et_pb_testimonial][et_pb_testimonial author=&#8220;Stefan Persterer&#8220; job_title=&#8220;Gesch\u00e4ftsleitung&#8220; company_name=&#8220;AURA Group AG&#8220; portrait_url=&#8220;https:\/\/clean-tidy.ch\/wp-content\/uploads\/2018\/08\/Aura.jpg&#8220; quote_icon_color=&#8220;#557f9d&#8220; quote_icon_background_color=&#8220;rgba(0,0,0,0)&#8220; _builder_version=&#8220;3.10.2&#8243; background_color=&#8220;rgba(135,179,237,0.37)&#8220;]Nach einem guten Jahr der Zusammenarbeit m\u00f6chten wir Ihnen best\u00e4tigen, dass wir mit der Ausf\u00fchrung der Ihnen anvertrauten Leistungen und Ihrem gezeigten Engagement sehr zufrieden sind.<\/p>\n<p>Insbesondere wollen wir hervorheben, dass die Reinigungsarbeiten in der AURA Event K\u00fcche z\u00fcgig und stets einwandfrei, gr\u00fcndlich und zu den vereinbarten Fristen ausgef\u00fchrt worden sind. Auch kurzfristig anberaumte Reinigungs- und Pflegemassnahmen im K\u00fcchenbereich konnten durch die clean &amp; tidy Reinigungsfirma flexibel organisiert werden.<\/p>\n<p>Dank Ihrer sehr guten Leistungen haben wir in unserem Haus einen hervorragenden Stand bez\u00fcglich der Hygiene und Sauberkeit im Event K\u00fcchenbereich.<br \/>\n[\/et_pb_testimonial][\/et_pb_column][\/et_pb_row][\/et_pb_section]<\/p>\n","protected":false},"excerpt":{"rendered":"<p>&nbsp; Referenzen The Butler &amp; Gordon GmbH ist seit u\u0308ber zehn Jahren in der privaten Dienstleistungsbranche insbesondere im Gastgewerbe t\u00e4tig. Manchmal mu\u0308ssen wir Dienstleistungen an andere Unternehmen auslagern, die wir selbst nicht erfu\u0308llen k\u00f6nnen.Die Firma clean &amp; tidy hat unser Unternehmen bei Dienstleistungen im Bereich Housekeeping und House Management unterstu\u0308tzt. The Butler &amp; Gordon haben [&hellip;]<\/p>\n","protected":false},"author":2,"featured_media":0,"parent":0,"menu_order":0,"comment_status":"closed","ping_status":"closed","template":"","meta":{"_et_pb_use_builder":"on","_et_pb_old_content":"","_et_gb_content_width":"","footnotes":""},"class_list":["post-532","page","type-page","status-publish","hentry"],"_links":{"self":[{"href":"https:\/\/clean-tidy.ch\/index.php?rest_route=\/wp\/v2\/pages\/532","targetHints":{"allow":["GET"]}}],"collection":[{"href":"https:\/\/clean-tidy.ch\/index.php?rest_route=\/wp\/v2\/pages"}],"about":[{"href":"https:\/\/clean-tidy.ch\/index.php?rest_route=\/wp\/v2\/types\/page"}],"author":[{"embeddable":true,"href":"https:\/\/clean-tidy.ch\/index.php?rest_route=\/wp\/v2\/users\/2"}],"replies":[{"embeddable":true,"href":"https:\/\/clean-tidy.ch\/index.php?rest_route=%2Fwp%2Fv2%2Fcomments&post=532"}],"version-history":[{"count":16,"href":"https:\/\/clean-tidy.ch\/index.php?rest_route=\/wp\/v2\/pages\/532\/revisions"}],"predecessor-version":[{"id":811,"href":"https:\/\/clean-tidy.ch\/index.php?rest_route=\/wp\/v2\/pages\/532\/revisions\/811"}],"wp:attachment":[{"href":"https:\/\/clean-tidy.ch\/index.php?rest_route=%2Fwp%2Fv2%2Fmedia&parent=532"}],"curies":[{"name":"wp","href":"https:\/\/api.w.org\/{rel}","templated":true}]}}