{"id":546,"date":"2018-08-14T11:53:16","date_gmt":"2018-08-14T09:53:16","guid":{"rendered":"https:\/\/clean-tidy.ch\/?page_id=546"},"modified":"2021-11-15T09:46:05","modified_gmt":"2021-11-15T08:46:05","slug":"partner","status":"publish","type":"page","link":"https:\/\/clean-tidy.ch\/?page_id=546","title":{"rendered":"Partner"},"content":{"rendered":"<p>[et_pb_section fb_built=&#8220;1&#8243; next_background_color=&#8220;#ffffff&#8220; _builder_version=&#8220;4.9.4&#8243; background_image=&#8220;https:\/\/clean-tidy.ch\/wp-content\/uploads\/2018\/08\/auto-3514784_1920.jpg&#8220; custom_padding=&#8220;|0px|700px|0px|false|false&#8220; bottom_divider_style=&#8220;wave&#8220; bottom_divider_height=&#8220;117px&#8220; bottom_divider_flip=&#8220;vertical&#8220; bottom_divider_height_tablet=&#8220;&#8220; bottom_divider_height_phone=&#8220;60px&#8220; bottom_divider_height_last_edited=&#8220;on|tablet&#8220; hover_enabled=&#8220;0&#8243; sticky_enabled=&#8220;0&#8243;][\/et_pb_section][et_pb_section fb_built=&#8220;1&#8243; _builder_version=&#8220;3.22&#8243;][et_pb_row _builder_version=&#8220;3.25&#8243;][et_pb_column type=&#8220;4_4&#8243; _builder_version=&#8220;3.25&#8243; custom_padding=&#8220;|||&#8220; custom_padding__hover=&#8220;|||&#8220;][et_pb_image src=&#8220;https:\/\/clean-tidy.ch\/wp-content\/uploads\/2018\/07\/logo_cleanandtidy_2018.png&#8220; align_tablet=&#8220;center&#8220; align_last_edited=&#8220;on|desktop&#8220; _builder_version=&#8220;3.23&#8243; max_width=&#8220;40%&#8220; max_width_tablet=&#8220;&#8220; max_width_phone=&#8220;&#8220; max_width_last_edited=&#8220;on|desktop&#8220; module_alignment=&#8220;center&#8220;][\/et_pb_image][\/et_pb_column][\/et_pb_row][\/et_pb_section][et_pb_section fb_built=&#8220;1&#8243; _builder_version=&#8220;3.22&#8243; custom_padding=&#8220;0|0px|121px|0px|false|false&#8220; bottom_divider_color=&#8220;#557f9d&#8220; bottom_divider_height=&#8220;117px&#8220; bottom_divider_flip=&#8220;vertical&#8220;][et_pb_row _builder_version=&#8220;3.25&#8243;][et_pb_column type=&#8220;4_4&#8243; _builder_version=&#8220;3.25&#8243; custom_padding=&#8220;|||&#8220; custom_padding__hover=&#8220;|||&#8220;][et_pb_text _builder_version=&#8220;3.27.4&#8243; text_font=&#8220;||||||||&#8220; text_text_color=&#8220;#474747&#8243; header_font=&#8220;Lato||||||||&#8220; header_text_color=&#8220;#474747&#8243;]<\/p>\n<h1 style=\"text-align: center;\">Unsere Partner<\/h1>\n<p style=\"text-align: center;\">[\/et_pb_text][\/et_pb_column][\/et_pb_row][et_pb_row _builder_version=&#8220;3.25&#8243; custom_padding=&#8220;78px|0px|27px|0px|false|false&#8220; column_structure=&#8220;1_2,1_2&#8243;][et_pb_column type=&#8220;1_2&#8243; _builder_version=&#8220;3.25&#8243; custom_padding=&#8220;|||&#8220; custom_padding__hover=&#8220;|||&#8220;][et_pb_text _builder_version=&#8220;3.27.4&#8243; text_font=&#8220;||||||||&#8220; text_text_color=&#8220;#474747&#8243; header_font=&#8220;Lato||||||||&#8220; header_text_color=&#8220;#474747&#8243;]<\/p>\n<h2 style=\"text-align: left;\">F\u00fcr Exlusivit\u00e4t<\/h2>\n<p style=\"text-align: left;\">F\u00fcr besondere Anforderungen oder Anl\u00e4sse arbeiten wir mit dem Butler-Service <a href=\"http:\/\/thebutlergordon.com\/\" target=\"_blank\" rel=\"noopener noreferrer\">The Butler &amp; Gordon<\/a> zusammen.\u00a0<\/p>\n<p>[\/et_pb_text][\/et_pb_column][et_pb_column type=&#8220;1_2&#8243; _builder_version=&#8220;3.25&#8243; custom_padding=&#8220;|||&#8220; custom_padding__hover=&#8220;|||&#8220;][et_pb_image src=&#8220;https:\/\/clean-tidy.ch\/wp-content\/uploads\/2018\/08\/butlerservice.jpg&#8220; align_tablet=&#8220;center&#8220; align_last_edited=&#8220;on|desktop&#8220; _builder_version=&#8220;3.23&#8243; box_shadow_style=&#8220;preset2&#8243;][\/et_pb_image][\/et_pb_column][\/et_pb_row][\/et_pb_section]<\/p>\n","protected":false},"excerpt":{"rendered":"<p>Unsere Partner F\u00fcr Exlusivit\u00e4t F\u00fcr besondere Anforderungen oder Anl\u00e4sse arbeiten wir mit dem Butler-Service The Butler &amp; Gordon zusammen.\u00a0<\/p>\n","protected":false},"author":2,"featured_media":0,"parent":0,"menu_order":0,"comment_status":"closed","ping_status":"closed","template":"","meta":{"_et_pb_use_builder":"on","_et_pb_old_content":"","_et_gb_content_width":"","footnotes":""},"class_list":["post-546","page","type-page","status-publish","hentry"],"_links":{"self":[{"href":"https:\/\/clean-tidy.ch\/index.php?rest_route=\/wp\/v2\/pages\/546","targetHints":{"allow":["GET"]}}],"collection":[{"href":"https:\/\/clean-tidy.ch\/index.php?rest_route=\/wp\/v2\/pages"}],"about":[{"href":"https:\/\/clean-tidy.ch\/index.php?rest_route=\/wp\/v2\/types\/page"}],"author":[{"embeddable":true,"href":"https:\/\/clean-tidy.ch\/index.php?rest_route=\/wp\/v2\/users\/2"}],"replies":[{"embeddable":true,"href":"https:\/\/clean-tidy.ch\/index.php?rest_route=%2Fwp%2Fv2%2Fcomments&post=546"}],"version-history":[{"count":7,"href":"https:\/\/clean-tidy.ch\/index.php?rest_route=\/wp\/v2\/pages\/546\/revisions"}],"predecessor-version":[{"id":756,"href":"https:\/\/clean-tidy.ch\/index.php?rest_route=\/wp\/v2\/pages\/546\/revisions\/756"}],"wp:attachment":[{"href":"https:\/\/clean-tidy.ch\/index.php?rest_route=%2Fwp%2Fv2%2Fmedia&parent=546"}],"curies":[{"name":"wp","href":"https:\/\/api.w.org\/{rel}","templated":true}]}}