{"id":682,"date":"2021-10-06T08:21:13","date_gmt":"2021-10-06T06:21:13","guid":{"rendered":"https:\/\/clean-tidy.ch\/?page_id=682"},"modified":"2021-11-15T09:43:16","modified_gmt":"2021-11-15T08:43:16","slug":"wef","status":"publish","type":"page","link":"https:\/\/clean-tidy.ch\/?page_id=682","title":{"rendered":"WEF"},"content":{"rendered":"<p>[et_pb_section fb_built=&#8220;1&#8243; _builder_version=&#8220;4.9.4&#8243; background_image=&#8220;https:\/\/clean-tidy.ch\/wp-content\/uploads\/2021\/11\/WEF_Davos-22_blau_Schmal.jpg&#8220; custom_padding=&#8220;|0px|700px|0px|false|false&#8220; bottom_divider_style=&#8220;wave&#8220; bottom_divider_color=&#8220;#ffffff&#8220; bottom_divider_height=&#8220;117px&#8220; bottom_divider_flip=&#8220;vertical&#8220; bottom_divider_height_tablet=&#8220;105px&#8220; bottom_divider_height_phone=&#8220;62px&#8220; bottom_divider_height_last_edited=&#8220;on|desktop&#8220;][\/et_pb_section][et_pb_section fb_built=&#8220;1&#8243; _builder_version=&#8220;3.22&#8243; custom_padding=&#8220;0|0px|121px|0px|false|false&#8220; bottom_divider_color=&#8220;#557f9d&#8220; bottom_divider_height=&#8220;117px&#8220; bottom_divider_flip=&#8220;vertical&#8220;][et_pb_row column_structure=&#8220;1_2,1_2&#8243; _builder_version=&#8220;4.9.4&#8243; _module_preset=&#8220;default&#8220; custom_padding=&#8220;50px|||||&#8220;][et_pb_column type=&#8220;1_2&#8243; _builder_version=&#8220;4.9.4&#8243; _module_preset=&#8220;default&#8220;][et_pb_image src=&#8220;https:\/\/clean-tidy.ch\/wp-content\/uploads\/2021\/10\/welle.png&#8220; title_text=&#8220;welle&#8220; _builder_version=&#8220;4.9.4&#8243; _module_preset=&#8220;default&#8220; width=&#8220;80%&#8220;][\/et_pb_image][\/et_pb_column][et_pb_column type=&#8220;1_2&#8243; _builder_version=&#8220;4.9.4&#8243; _module_preset=&#8220;default&#8220;][et_pb_text _builder_version=&#8220;4.9.4&#8243; text_font=&#8220;||||||||&#8220; text_text_color=&#8220;#474747&#8243; header_font=&#8220;Lato||||||||&#8220; header_text_color=&#8220;#474747&#8243; custom_padding=&#8220;||64px|||&#8220;]<\/p>\n<h1 style=\"text-align: center;\">Ihr Partner f\u00fcr\u00b4s WEF<\/h1>\n<h2 style=\"text-align: center;\">(World Economic Forum)<\/h2>\n<p>&nbsp;<\/p>\n<p style=\"text-align: center;\">Unsere jahrelange Erfahrung in diesem Bereich macht uns zu Profis.<\/p>\n<p style=\"text-align: center;\">[\/et_pb_text][\/et_pb_column][\/et_pb_row][et_pb_row column_structure=&#8220;1_2,1_2&#8243; _builder_version=&#8220;3.25&#8243; custom_padding=&#8220;78px|0px|27px|0px|false|false&#8220;][et_pb_column type=&#8220;1_2&#8243; _builder_version=&#8220;3.25&#8243; custom_padding=&#8220;|||&#8220; custom_padding__hover=&#8220;|||&#8220;][et_pb_text _builder_version=&#8220;4.9.4&#8243; text_font=&#8220;||||||||&#8220; text_text_color=&#8220;#474747&#8243; header_font=&#8220;Lato||||||||&#8220; header_text_color=&#8220;#474747&#8243;]<\/p>\n<h2 style=\"text-align: left;\">Vor- Endreinigung<\/h2>\n<p style=\"text-align: left;\"><strong>Sie werwarten G\u00e4ste? Kein Problem.<\/strong><\/p>\n<p style=\"text-align: left;\">Wir k\u00fcmmern uns um Ihre Liegenschaft &#8211; vor und nach der Vermietung. Wir legen unseren Fokus stets auf Hygiene und Desinfektion. Dabei ist der sorgsame Umgang mit dem Inventar eine Selbstverst\u00e4ndlichkeit.<\/p>\n<p>[\/et_pb_text][\/et_pb_column][et_pb_column type=&#8220;1_2&#8243; _builder_version=&#8220;3.25&#8243; custom_padding=&#8220;|||&#8220; custom_padding__hover=&#8220;|||&#8220;][et_pb_text _builder_version=&#8220;4.9.4&#8243; text_font=&#8220;||||||||&#8220; text_text_color=&#8220;#474747&#8243; header_font=&#8220;Lato||||||||&#8220; header_text_color=&#8220;#474747&#8243;]<\/p>\n<h2 style=\"text-align: left;\">Housekeeping<\/h2>\n<p style=\"text-align: left;\"><strong>Ihr Gast braucht f\u00fcr eine Wohnung eine Zwischenreinigung oder eine B\u00fcgelfee? Kein Problem.<br \/><\/strong><\/p>\n<p style=\"text-align: left;\">Wir sind rund um die Uhr (24h) f\u00fcr Sie im Einsatz.<\/p>\n<p>[\/et_pb_text][\/et_pb_column][\/et_pb_row][et_pb_row column_structure=&#8220;1_2,1_2&#8243; _builder_version=&#8220;3.25&#8243; custom_padding=&#8220;78px|0px|27px|0px|false|false&#8220;][et_pb_column type=&#8220;1_2&#8243; _builder_version=&#8220;3.25&#8243; custom_padding=&#8220;|||&#8220; custom_padding__hover=&#8220;|||&#8220;][et_pb_text _builder_version=&#8220;4.9.4&#8243; text_font=&#8220;||||||||&#8220; text_text_color=&#8220;#474747&#8243; header_font=&#8220;Lato||||||||&#8220; header_text_color=&#8220;#474747&#8243;]<\/p>\n<h2 style=\"text-align: left;\">Reinigung und Betreuung Ihrer Eventlocation<\/h2>\n<p style=\"text-align: left;\"><strong>Wir sind 24h am Tag f\u00fcr Sie da,<br \/><\/strong><\/p>\n<p style=\"text-align: left;\">vor, w\u00e4hrend und nach Ihrem Event.<\/p>\n<p>[\/et_pb_text][\/et_pb_column][et_pb_column type=&#8220;1_2&#8243; _builder_version=&#8220;3.25&#8243; custom_padding=&#8220;|||&#8220; custom_padding__hover=&#8220;|||&#8220;][et_pb_text _builder_version=&#8220;4.9.4&#8243; text_font=&#8220;||||||||&#8220; text_text_color=&#8220;#474747&#8243; header_font=&#8220;Lato||||||||&#8220; header_text_color=&#8220;#474747&#8243;]<\/p>\n<h2 style=\"text-align: left;\">Logistik \/ Hauswartung<\/h2>\n<p style=\"text-align: left;\"><strong>F\u00fcr grosse und kleine Besorgugnen sind wir f\u00fcr Sie da.<br \/><\/strong><\/p>\n<p style=\"text-align: left;\">Auch die Betreuung Ihrer Aussenanlage, rund um Ihre Liegenschaft darf nicht fehlen.<\/p>\n<p style=\"text-align: left;\">Auch dies erledigen wir sehr gerne f\u00fcr Sie.<\/p>\n<p>[\/et_pb_text][\/et_pb_column][\/et_pb_row][\/et_pb_section][et_pb_section fb_built=&#8220;1&#8243; _builder_version=&#8220;4.9.4&#8243; background_color=&#8220;rgba(135,179,237,0.44)&#8220; custom_padding=&#8220;0|0px|121px|0px|false|false&#8220; bottom_divider_color=&#8220;#557f9d&#8220; bottom_divider_height=&#8220;117px&#8220; bottom_divider_flip=&#8220;vertical&#8220;][et_pb_row column_structure=&#8220;1_2,1_2&#8243; _builder_version=&#8220;3.25&#8243; custom_padding=&#8220;78px|0px|27px|0px|false|false&#8220;][et_pb_column type=&#8220;1_2&#8243; _builder_version=&#8220;3.25&#8243; custom_padding=&#8220;|||&#8220; custom_padding__hover=&#8220;|||&#8220;][et_pb_image src=&#8220;https:\/\/clean-tidy.ch\/wp-content\/uploads\/2021\/10\/welle.png&#8220; title_text=&#8220;welle&#8220; _builder_version=&#8220;4.9.4&#8243; _module_preset=&#8220;default&#8220;][\/et_pb_image][\/et_pb_column][et_pb_column type=&#8220;1_2&#8243; _builder_version=&#8220;3.25&#8243; custom_padding=&#8220;|||&#8220; custom_padding__hover=&#8220;|||&#8220;][et_pb_text _builder_version=&#8220;4.9.4&#8243; text_font=&#8220;||||||||&#8220; text_text_color=&#8220;#474747&#8243; header_font=&#8220;Lato||||||||&#8220; header_text_color=&#8220;#474747&#8243;]<\/p>\n<h2 style=\"text-align: left;\">Ihre Zufriedenheit ist uns ein Bed\u00fcrfnis<\/h2>\n<p>Unser Bestreben ist, Sie und Ihre G\u00e4ste so zu verw\u00f6hnen, dass keine W\u00fcnsche offen bleiben.<\/p>\n<p>Brauchen Sie weitere Dienstleistungen rund um das WEF?<br \/>Dann sprechen Sie uns gerne an. Wir arbeiten in den Bereichen Vermietung, Chauffeur Service und Catering mit anderen, exklusiven Partnern zusammen.<\/p>\n<p><strong>Wir finden f\u00fcr Sie die passende L\u00f6sung.<\/strong><\/p>\n<p>[\/et_pb_text][\/et_pb_column][\/et_pb_row][\/et_pb_section]<\/p>\n","protected":false},"excerpt":{"rendered":"<p>Ihr Partner f\u00fcr\u00b4s WEF (World Economic Forum) &nbsp; Unsere jahrelange Erfahrung in diesem Bereich macht uns zu Profis. Vor- Endreinigung Sie werwarten G\u00e4ste? Kein Problem. Wir k\u00fcmmern uns um Ihre Liegenschaft &#8211; vor und nach der Vermietung. Wir legen unseren Fokus stets auf Hygiene und Desinfektion. Dabei ist der sorgsame Umgang mit dem Inventar eine [&hellip;]<\/p>\n","protected":false},"author":2,"featured_media":0,"parent":0,"menu_order":0,"comment_status":"closed","ping_status":"closed","template":"","meta":{"_et_pb_use_builder":"on","_et_pb_old_content":"","_et_gb_content_width":"","footnotes":""},"class_list":["post-682","page","type-page","status-publish","hentry"],"_links":{"self":[{"href":"https:\/\/clean-tidy.ch\/index.php?rest_route=\/wp\/v2\/pages\/682","targetHints":{"allow":["GET"]}}],"collection":[{"href":"https:\/\/clean-tidy.ch\/index.php?rest_route=\/wp\/v2\/pages"}],"about":[{"href":"https:\/\/clean-tidy.ch\/index.php?rest_route=\/wp\/v2\/types\/page"}],"author":[{"embeddable":true,"href":"https:\/\/clean-tidy.ch\/index.php?rest_route=\/wp\/v2\/users\/2"}],"replies":[{"embeddable":true,"href":"https:\/\/clean-tidy.ch\/index.php?rest_route=%2Fwp%2Fv2%2Fcomments&post=682"}],"version-history":[{"count":13,"href":"https:\/\/clean-tidy.ch\/index.php?rest_route=\/wp\/v2\/pages\/682\/revisions"}],"predecessor-version":[{"id":753,"href":"https:\/\/clean-tidy.ch\/index.php?rest_route=\/wp\/v2\/pages\/682\/revisions\/753"}],"wp:attachment":[{"href":"https:\/\/clean-tidy.ch\/index.php?rest_route=%2Fwp%2Fv2%2Fmedia&parent=682"}],"curies":[{"name":"wp","href":"https:\/\/api.w.org\/{rel}","templated":true}]}}