{"id":690,"date":"2021-10-06T08:37:50","date_gmt":"2021-10-06T06:37:50","guid":{"rendered":"https:\/\/clean-tidy.ch\/?page_id=690"},"modified":"2022-02-11T10:21:15","modified_gmt":"2022-02-11T09:21:15","slug":"liegenschaften-und-verwaltung","status":"publish","type":"page","link":"https:\/\/clean-tidy.ch\/?page_id=690","title":{"rendered":"Liegenschaften und Verwaltung"},"content":{"rendered":"<p>[et_pb_section fb_built=&#8220;1&#8243; next_background_color=&#8220;#ffffff&#8220; _builder_version=&#8220;4.9.4&#8243; background_image=&#8220;https:\/\/clean-tidy.ch\/wp-content\/uploads\/2021\/10\/apartment-building-g7caaa8cbf_1920.jpg&#8220; custom_padding=&#8220;|0px|700px|0px|false|false&#8220; bottom_divider_style=&#8220;wave&#8220; bottom_divider_height=&#8220;117px&#8220; bottom_divider_flip=&#8220;vertical&#8220; bottom_divider_height_tablet=&#8220;&#8220; bottom_divider_height_phone=&#8220;60px&#8220; bottom_divider_height_last_edited=&#8220;on|tablet&#8220;][\/et_pb_section][et_pb_section fb_built=&#8220;1&#8243; _builder_version=&#8220;3.22&#8243; custom_padding=&#8220;0|0px|121px|0px|false|false&#8220; bottom_divider_color=&#8220;#557f9d&#8220; bottom_divider_height=&#8220;117px&#8220; bottom_divider_flip=&#8220;vertical&#8220;][et_pb_row column_structure=&#8220;1_2,1_2&#8243; _builder_version=&#8220;4.9.4&#8243; _module_preset=&#8220;default&#8220; custom_padding=&#8220;50px|||||&#8220;][et_pb_column type=&#8220;1_2&#8243; _builder_version=&#8220;4.9.4&#8243; _module_preset=&#8220;default&#8220;][et_pb_image src=&#8220;https:\/\/clean-tidy.ch\/wp-content\/uploads\/2021\/10\/welle.png&#8220; title_text=&#8220;welle&#8220; _builder_version=&#8220;4.9.4&#8243; _module_preset=&#8220;default&#8220; width=&#8220;80%&#8220;][\/et_pb_image][\/et_pb_column][et_pb_column type=&#8220;1_2&#8243; _builder_version=&#8220;4.9.4&#8243; _module_preset=&#8220;default&#8220;][et_pb_text _builder_version=&#8220;4.9.4&#8243; text_font=&#8220;||||||||&#8220; text_text_color=&#8220;#474747&#8243; header_font=&#8220;Lato||||||||&#8220; header_text_color=&#8220;#474747&#8243; custom_padding=&#8220;||64px|||&#8220;]<\/p>\n<h1 style=\"text-align: center;\">Ihr Partner f\u00fcr Ihre Liegenschaft<\/h1>\n<p>&nbsp;<\/p>\n<p style=\"text-align: center;\">Wir sind die Profis, auch f\u00fcr Verwaltungen, wenn es um die Endreinigung Ihrer Liegenschaft und Wohnung geht.<\/p>\n<p style=\"text-align: center;\">[\/et_pb_text][\/et_pb_column][\/et_pb_row][et_pb_row column_structure=&#8220;1_2,1_2&#8243; _builder_version=&#8220;3.25&#8243; custom_padding=&#8220;78px|0px|27px|0px|false|false&#8220;][et_pb_column type=&#8220;1_2&#8243; _builder_version=&#8220;3.25&#8243; custom_padding=&#8220;|||&#8220; custom_padding__hover=&#8220;|||&#8220;][et_pb_text _builder_version=&#8220;4.9.4&#8243; text_font=&#8220;||||||||&#8220; text_text_color=&#8220;#474747&#8243; header_font=&#8220;Lato||||||||&#8220; header_text_color=&#8220;#474747&#8243;]<\/p>\n<h2 style=\"text-align: left;\">Bauendreinigung<\/h2>\n<p style=\"text-align: left;\"><strong>F\u00fcr eine saubere Baustelle<br \/><\/strong><\/p>\n<p style=\"text-align: left;\">Wir \u00fcbernehmen die Grundreinigung nach allen Bauarbeiten und entsorgen anfallende Baureste fachgrecht. Wir bringen Ihre Liegenschaft in einen bezugsfertigen Zustand und tragen zur Werterhaltung bei.<\/p>\n<p>[\/et_pb_text][\/et_pb_column][et_pb_column type=&#8220;1_2&#8243; _builder_version=&#8220;3.25&#8243; custom_padding=&#8220;|||&#8220; custom_padding__hover=&#8220;|||&#8220;][et_pb_text _builder_version=&#8220;4.9.4&#8243; text_font=&#8220;||||||||&#8220; text_text_color=&#8220;#474747&#8243; header_font=&#8220;Lato||||||||&#8220; header_text_color=&#8220;#474747&#8243;]<\/p>\n<h2 style=\"text-align: left;\">Fensterreinigung<\/h2>\n<p style=\"text-align: left;\"><strong>Behalten Sie den Durchblick<br \/><\/strong><\/p>\n<p style=\"text-align: left;\">Wir \u00fcbernehmen f\u00fcr Sie die professionelle Reinigung der Fenster, ganz egal welche Gr\u00f6sse &#8211; innen, wie auch aussen.<\/p>\n<p>[\/et_pb_text][\/et_pb_column][\/et_pb_row][et_pb_row column_structure=&#8220;1_2,1_2&#8243; _builder_version=&#8220;3.25&#8243; custom_padding=&#8220;78px|0px|27px|0px|false|false&#8220;][et_pb_column type=&#8220;1_2&#8243; _builder_version=&#8220;3.25&#8243; custom_padding=&#8220;|||&#8220; custom_padding__hover=&#8220;|||&#8220;][et_pb_text _builder_version=&#8220;4.9.4&#8243; text_font=&#8220;||||||||&#8220; text_text_color=&#8220;#474747&#8243; header_font=&#8220;Lato||||||||&#8220; header_text_color=&#8220;#474747&#8243;]<\/p>\n<h2 style=\"text-align: left;\">Endreinigung<\/h2>\n<p style=\"text-align: left;\"><strong>Keine Probleme bei der \u00dcbergabe Ihrer Wohnung<br \/><\/strong><\/p>\n<p style=\"text-align: left;\">Ihre Wohnung wird von uns professionell, mit modernsten Verfahren, hygienisch sauber gereinigt, p\u00fcnktlich zum Abnahmetermin.<\/p>\n<p>[\/et_pb_text][\/et_pb_column][et_pb_column type=&#8220;1_2&#8243; _builder_version=&#8220;3.25&#8243; custom_padding=&#8220;|||&#8220; custom_padding__hover=&#8220;|||&#8220;][et_pb_text _builder_version=&#8220;4.9.4&#8243; text_font=&#8220;||||||||&#8220; text_text_color=&#8220;#474747&#8243; header_font=&#8220;Lato||||||||&#8220; header_text_color=&#8220;#474747&#8243;]<\/p>\n<h2 style=\"text-align: left;\">Hauswartung<\/h2>\n<p style=\"text-align: left;\"><strong>Ihr Haushalt ist bei uns in guten H\u00e4nden<br \/><\/strong><\/p>\n<p>Wir bieten Ihnen ein private und gesch\u00e4ftliche Hauswartung an, damit das gepflegte Erscheinungsbild Ihrer Imobile erhalten bleibt.<\/p>\n<p>[\/et_pb_text][\/et_pb_column][\/et_pb_row][et_pb_row column_structure=&#8220;1_2,1_2&#8243; _builder_version=&#8220;3.25&#8243; custom_padding=&#8220;78px|0px|27px|0px|false|false&#8220;][et_pb_column type=&#8220;1_2&#8243; _builder_version=&#8220;3.25&#8243; custom_padding=&#8220;|||&#8220; custom_padding__hover=&#8220;|||&#8220;][et_pb_text _builder_version=&#8220;4.9.4&#8243; text_font=&#8220;||||||||&#8220; text_text_color=&#8220;#474747&#8243; header_font=&#8220;Lato||||||||&#8220; header_text_color=&#8220;#474747&#8243;]<\/p>\n<h2 style=\"text-align: left;\">Entsorgung<\/h2>\n<p><strong>F\u00fcr eine sorgenfreie Haushaltsaufl\u00f6sung.<\/strong><\/p>\n<p>Gerne erledigen wir f\u00fcr Sie Haus- und Wohnungsentr\u00fcmpelungen, ob pivat oder gesch\u00e4ftlich und entsorgen den \u00fcberfl\u00fcssigen Hausrat fachgerecht.<\/p>\n<p>[\/et_pb_text][\/et_pb_column][et_pb_column type=&#8220;1_2&#8243; _builder_version=&#8220;3.25&#8243; custom_padding=&#8220;|||&#8220; custom_padding__hover=&#8220;|||&#8220;][\/et_pb_column][\/et_pb_row][\/et_pb_section][et_pb_section fb_built=&#8220;1&#8243; _builder_version=&#8220;4.9.4&#8243; background_color=&#8220;rgba(135,179,237,0.44)&#8220; custom_padding=&#8220;0|0px|121px|0px|false|false&#8220; bottom_divider_color=&#8220;#557f9d&#8220; bottom_divider_height=&#8220;117px&#8220; bottom_divider_flip=&#8220;vertical&#8220;][et_pb_row column_structure=&#8220;1_2,1_2&#8243; _builder_version=&#8220;3.25&#8243; custom_padding=&#8220;78px|0px|27px|0px|false|false&#8220;][et_pb_column type=&#8220;1_2&#8243; _builder_version=&#8220;3.25&#8243; custom_padding=&#8220;|||&#8220; custom_padding__hover=&#8220;|||&#8220;][et_pb_image src=&#8220;https:\/\/clean-tidy.ch\/wp-content\/uploads\/2021\/10\/welle.png&#8220; title_text=&#8220;welle&#8220; _builder_version=&#8220;4.9.4&#8243; _module_preset=&#8220;default&#8220;][\/et_pb_image][\/et_pb_column][et_pb_column type=&#8220;1_2&#8243; _builder_version=&#8220;3.25&#8243; custom_padding=&#8220;|||&#8220; custom_padding__hover=&#8220;|||&#8220;][et_pb_text _builder_version=&#8220;4.9.4&#8243; text_font=&#8220;||||||||&#8220; text_text_color=&#8220;#474747&#8243; header_font=&#8220;Lato||||||||&#8220; header_text_color=&#8220;#474747&#8243; hover_enabled=&#8220;0&#8243; sticky_enabled=&#8220;0&#8243;]<\/p>\n<h2 style=\"text-align: left;\">Ihre Zufriedenheit ist uns ein Bed\u00fcrfnis<\/h2>\n<p style=\"text-align: left;\">Unsere breit gef\u00e4cherte Angebotspalette bietet professionelle Dienstleistungen in den Bereichen Reinigung und Logistik.<\/p>\n<p style=\"text-align: left;\">Ihre Auftr\u00e4ge werden pr\u00e4zise, termingerecht, zuverl\u00e4ssig und preiswert durchgef\u00fchrt. Darauf legen wir grossen Wert.<\/p>\n<p style=\"text-align: left;\"><strong>Wo auch immer Schmutz anf\u00e4llt, fragen sie uns um Rat. Wir haben stets eine gl\u00e4nzendste L\u00f6sung f\u00fcr Sie parat!<\/strong><\/p>\n<p><strong>\u00a0<\/strong><\/p>\n<p>[\/et_pb_text][\/et_pb_column][\/et_pb_row][\/et_pb_section]<\/p>\n","protected":false},"excerpt":{"rendered":"<p>Ihr Partner f\u00fcr Ihre Liegenschaft &nbsp; Wir sind die Profis, auch f\u00fcr Verwaltungen, wenn es um die Endreinigung Ihrer Liegenschaft und Wohnung geht. Bauendreinigung F\u00fcr eine saubere Baustelle Wir \u00fcbernehmen die Grundreinigung nach allen Bauarbeiten und entsorgen anfallende Baureste fachgrecht. Wir bringen Ihre Liegenschaft in einen bezugsfertigen Zustand und tragen zur Werterhaltung bei.Fensterreinigung Behalten Sie [&hellip;]<\/p>\n","protected":false},"author":2,"featured_media":0,"parent":0,"menu_order":0,"comment_status":"closed","ping_status":"closed","template":"","meta":{"_et_pb_use_builder":"on","_et_pb_old_content":"","_et_gb_content_width":"","footnotes":""},"class_list":["post-690","page","type-page","status-publish","hentry"],"_links":{"self":[{"href":"https:\/\/clean-tidy.ch\/index.php?rest_route=\/wp\/v2\/pages\/690","targetHints":{"allow":["GET"]}}],"collection":[{"href":"https:\/\/clean-tidy.ch\/index.php?rest_route=\/wp\/v2\/pages"}],"about":[{"href":"https:\/\/clean-tidy.ch\/index.php?rest_route=\/wp\/v2\/types\/page"}],"author":[{"embeddable":true,"href":"https:\/\/clean-tidy.ch\/index.php?rest_route=\/wp\/v2\/users\/2"}],"replies":[{"embeddable":true,"href":"https:\/\/clean-tidy.ch\/index.php?rest_route=%2Fwp%2Fv2%2Fcomments&post=690"}],"version-history":[{"count":8,"href":"https:\/\/clean-tidy.ch\/index.php?rest_route=\/wp\/v2\/pages\/690\/revisions"}],"predecessor-version":[{"id":808,"href":"https:\/\/clean-tidy.ch\/index.php?rest_route=\/wp\/v2\/pages\/690\/revisions\/808"}],"wp:attachment":[{"href":"https:\/\/clean-tidy.ch\/index.php?rest_route=%2Fwp%2Fv2%2Fmedia&parent=690"}],"curies":[{"name":"wp","href":"https:\/\/api.w.org\/{rel}","templated":true}]}}